{"id":3065,"date":"2023-03-02T09:11:43","date_gmt":"2023-03-02T09:11:43","guid":{"rendered":"https:\/\/cantinaongaresca.it\/?page_id=3065"},"modified":"2023-03-02T10:19:01","modified_gmt":"2023-03-02T10:19:01","slug":"condizioni-di-vendita","status":"publish","type":"page","link":"https:\/\/ongaresca.bananau.it\/en\/condizioni-di-vendita\/","title":{"rendered":"Politica di rimborso e reso"},"content":{"rendered":"<p><\/p>\n\n\n\n<p> <\/p>\n\n\n\n<p>Condizioni Generali di Vendita<\/p>\n\n\n\n<p>Le vendite ONLINE sul sito <a href=\"https:\/\/ongaresca.bananau.it\/en\/shop\/\">https:\/\/ongaresca.bananau.it\/shop\/<\/a> di ONGARESCA SOCIETA\u2019 AGRICOLA srl sono regolate dalle presenti condizioni generali di vendita.<\/p>\n\n\n\n<p>ONGARESCA SOCIETA\u2019 AGRICOLA ha sede in \u2013 36030 Costabissara (Vicenza) via Monte Cimone, 10 P. Iva: 02700730241<\/p>\n\n\n\n<p>I nostri contatti sono i seguenti:<\/p>\n\n\n\n<p>Telefono: +39 366 2837155<\/p>\n\n\n\n<p>Email: <a href=\"mailto:cantina@ongaresca.com\">cantina@ongaresca.com<\/a><\/p>\n\n\n\n<p>PEC: <a href=\"mailto:ongaresca@legalmail.it\">ongaresca@legalmail.it<\/a><\/p>\n\n\n\n<p>L\u2019attivit\u00e0 di commercio elettronico di ONGARESCA SOCIETA\u2019 AGRICOLA srl si rivolge esclusivamente ad utenti finali che siano \u201cconsumatori\u201d maggiori di 18 (diciotto) anni.<\/p>\n\n\n\n<p>Per consumatore, si intende qualunque persona fisica che operi sul sito <a href=\"https:\/\/ongaresca.bananau.it\/en\/shop\/\">www.cantinaongaresca.it\/shop\/<\/a>, con finalit\u00e0 non riferibili alla propria attivit\u00e0 professionale, commerciale o imprenditoriale, eventualmente svolta.<\/p>\n\n\n\n<p><strong>ORDINI<\/strong><br>I contratti di vendita dei prodotti sul sito <a href=\"https:\/\/ongaresca.bananau.it\/en\/shop\/\">https:\/\/ongaresca.bananau.it\/shop\/<\/a> si considerano conclusi al momento in cui l\u2019ordine di acquisto effettuato dal cliente perviene a Cantina Ongaresca e quest\u2019ultima lo accetta, inviando email di conferma dell\u2019ordine.<\/p>\n\n\n\n<p>Con l\u2019invio telematico della conferma del proprio ordine d\u2019acquisto, Lei accetta incondizionatamente e si obbliga ad osservare le presenti condizioni generali di vendita, dichiarando di aver preso visione ed accettato tutte le informazioni ivi contenute.<\/p>\n\n\n\n<p><strong>COME FARE L\u2019ORDINE<\/strong><\/p>\n\n\n\n<p>Per effettuare un acquisto \u00e8 necessario, innanzitutto registrarsi con l\u2019apposito modulo e compilare tutti i campi obbligatori.<\/p>\n\n\n\n<p>Si ricorda che solo i maggiorenni possono effettuare ordini.<\/p>\n\n\n\n<p>Con la compilazione del modulo di registrazione Lei accetta esplicitamente le presenti condizioni generali, impegnandosi ad osservarle.<\/p>\n\n\n\n<p>Compilata la registrazione si entra nello Shop-OnLine e si procede con la selezione dei prodotti e il loro caricamento nel carrello personale.<\/p>\n\n\n\n<p>Una volta selezionati tutti i campi \u00e8 possibile aggiungere la selezione al carrello.<\/p>\n\n\n\n<p>L\u2019ordine si intende inviato al venditore dopo che l\u2019acquirente ha: a) correttamente completato tutti i campi obbligatori presenti nel modulo d\u2019ordine pubblicato online; b) cliccato il pulsante preposto all\u2019invio dell\u2019ordine. Gli eventuali errori nell\u2019inserimento dei dati possono essere corretti, prima di cliccare il bottone \u201cconcludi e paga\u201d, modificando il contenuto dei campi compilati, o dopo aver cliccato il bottone \u201cconcludi e paga\u201d, tornando all\u2019ordine.<\/p>\n\n\n\n<p>I prezzi dei prodotti offerti sono tutti IVA inclusa.<\/p>\n\n\n\n<p>La vendita \u00e8 effettuata franco-magazzino di Cantina Ongaresca Societ\u00e0 Agricola srl.<\/p>\n\n\n\n<p>Gli ordini vengono presi in carico al momento del ricevimento del pagamento dell\u2019ordine.<\/p>\n\n\n\n<p>Il Pagamento \u00e8 gestito esclusivamente per il tramite della piattaforma STRIPE payment (stripe.com), a cui Lei verr\u00e0 indirizzato e che Le indicher\u00e0 anche i costi di spedizione.<\/p>\n\n\n\n<p>Le pagine destinate a gestire la transazione sono protette per consentire la massima tutela dei Suoi dati; una volta sulla piattaforma STRIPE Lei potr\u00e0 consultare le policy della stessa, che opera con i massimi parametri di sicurezza per la tutela dei suoi dati e delle modalit\u00e0 di pagamento da Lei prescelte.<\/p>\n\n\n\n<p>Tutte le informazioni finanziare come numero di carta di credito e data di scadenza sono, dunque, criptate e non verranno in nessun modo a conoscenza di Cantina Ongaresca, che non conserva in alcun modo i dati di pagamento o la tracciabilit\u00e0 degli stessi.<\/p>\n\n\n\n<p>Attualmente i prodotti di Cantina Ongaresca sono venduti in Europa e Stati Uniti, pertanto l\u2019indirizzo di spedizione dovr\u00e0 essere in Europa o Stati Uniti.<\/p>\n\n\n\n<p><strong>SPEDIZIONE<\/strong><\/p>\n\n\n\n<p>La spedizione \u00e8 effettuata per il tramite dello spedizioniere Way To Go, che Lei incarica direttamente al momento dell\u2019ordine, nei tempi e modi previsti dalle Condizioni Generali di Vendita dello stesso <a href=\"http:\/\/www.statiunitisubito.com\/\">(statiunitisubito.com).<\/a><\/p>\n\n\n\n<p>Una volta consegnata la spedizione al corriere Lei ricever\u00e0 una email di conferma dell\u2019avvenuta spedizione e delle modalit\u00e0 con cui monitorarla.<\/p>\n\n\n\n<p>Tutta la procedura di spedizione con affidamento al corriere viene gestita da Way To Go.<\/p>\n\n\n\n<p>Le consigliamo di scegliere un indirizzo per la consegna dove sicuramente i corrieri trovino qualcuno per effettuare la stessa.<br>Ricevuta la merce, prima di ritirarla controllare che:<\/p>\n\n\n\n<ul class=\"wp-block-list\">\n<li>L\u2019imballo sia integro, asciutto e non manomesso<\/li>\n\n\n\n<li>il numero e l\u2019identit\u00e0 dei colli corrisponda ai dati riportati nel documento di accompagnamento.<\/li>\n<\/ul>\n\n\n\n<p>Riscontrati eventuali danni o la mancata corrispondenza delle indicazioni di cui al documento di accompagnamento, contestare immediatamente la consegna al corriere e segnalare il tutto mandando una email <a href=\"mailto:cantina@ongaresca.com\">cantina@ongaresca.com<\/a>.<\/p>\n\n\n\n<p><strong>DIRITTO DI RECESSO<\/strong><\/p>\n\n\n\n<p>Secondo la disciplina del D.Lgs. 206\/05 (\u201cCodice del Consumo\u201d), Lei ha diritto di recedere dal contratto di acquisto dei prodotti, senza alcuna penalit\u00e0 e senza specificarne il motivo, entro 14 (quattordici) giorni dalla data di ricevimento della merce da parte sua o di un terzo \u2013 diverso dal vettore incaricato della consegna \u2013 specificatamente da Lei designato durante il processo di acquisto dei prodotti oggetto della fornitura.<\/p>\n\n\n\n<p>Per esercitare il diritto di recesso, Lei dovr\u00e0 comunicare a Cantina Ongaresca la sua decisione di recedere dal contratto, inviando una dichiarazione scritta contenente il numero dell\u2019ordine cos\u00ec come riportato nell\u2019e-mail di conferma e la data dell\u2019ordine, oltre alla copia dello scontrino emesso, quali prodotti devono essere oggetto di recesso, nonch\u00e9 le coordinate bancarie sulle quali ottenere il bonifico (IBAN). Tale comunicazione potr\u00e0 essere trasmessa via PEC o raccomandata A\/R ai seguenti recapiti:<\/p>\n\n\n\n<ul class=\"wp-block-list\">\n<li>PEC: <a href=\"mailto:ongaresca@legalmail.it\">ongaresca@legalmail.it<\/a><\/li>\n\n\n\n<li>ONGARESCA SOCIETA\u2019 AGRICOLA, 36030 Costabissara (Vicenza) via Monte Cimone, 10<\/li>\n<\/ul>\n\n\n\n<p>Lei potr\u00e0 utilizzare anche il modulo tipo di recesso disponibile a <a href=\"https:\/\/ongaresca.bananau.it\/wp-content\/uploads\/2020\/03\/MODULO-RECESSO.pdf\">questo link<\/a><\/p>\n\n\n\n<p>Il diritto di recesso \u00e8 esercitabile esclusivamente da parte dei soggetti che acquistano i prodotti di Cantina Ongaresca per scopi estranei alla propria attivit\u00e0 imprenditoriale e professionale, e che, pertanto, possano essere qualificati come Consumatori in base a quanto previsto dal Codice del Consumo.<\/p>\n\n\n\n<p>Costituisce condizione necessaria per l\u2019esercizio del diritto di recesso l\u2019integrit\u00e0 dei prodotti da restituire. Pertanto le bottiglie acquistate non dovranno essere state aperte, danneggiate e\\o alterate. L\u2019acquirente \u00e8 responsabile della diminuzione del valore dei beni acquistati risultante da una manipolazione dei prodotti acquistati diversa da quella strettamente necessaria per stabilire la natura e le caratteristiche esteriori del Prodotto.<\/p>\n\n\n\n<p>Il diritto di recesso \u00e8 escluso nel caso in cui la vendita abbia ad oggetto Prodotti confezionati su misura o personalizzati o che per loro natura non possano essere rispediti o rischino di deteriorarsi o alterarsi rapidamente.<\/p>\n\n\n\n<p>Lei potr\u00e0 rispedire la merce oggetto di recesso consegnandola al corriere per la spedizione entro 14 (quattordici) giorni lavorativi che decorrono da quando Lei ha ricevuto i prodotti.<\/p>\n\n\n\n<p>Le uniche spese che dovr\u00e0 sostenere sono quelle di restituzione dei prodotti acquistati, in conformit\u00e0 all\u2019art. 67, comma3 del Codice del Consumo.<\/p>\n\n\n\n<p>Il Diritto di Recesso, oltre al rispetto dei termini e delle modalit\u00e0 descritte ai precedenti punti, si intende esercitato correttamente qualora siano interamente rispettate le seguenti Condizioni:<\/p>\n\n\n\n<ul class=\"wp-block-list\">\n<li>i prodotti acquistati dovranno essere resi integri;<\/li>\n\n\n\n<li>i prodotti devono essere restituiti nella loro confezione originale ovvero in confezione parimenti idonea al trasporto;<\/li>\n\n\n\n<li>nel caso delle Confezioni, \u00e8 necessario restituire tutte le bottiglie che la compongono<\/li>\n\n\n\n<li>i prodotti resi devono essere inviati in una sola spedizione. Cantina Ongaresca si riserva il diritto di non accettare bottiglie o prodotti di uno stesso ordine, resi e spediti in momenti diversi;<\/li>\n\n\n\n<li>le spese di rientro della merce saranno a Suo carico, ivi compresa la responsabilit\u00e0 in caso di smarrimento o danneggiamento dei prodotti.<\/li>\n<\/ul>\n\n\n\n<p>Le raccomandiamo massima attenzione nella preparazione del pacco.<\/p>\n\n\n\n<p>I prodotti arrivati in magazzino saranno esaminati per valutare eventuali danni o manomissioni (la sostanziale integrit\u00e0 del bene restituito \u00e8 condizione essenziale per l\u2019esercizio del diritto di recesso).<\/p>\n\n\n\n<p>Se il Diritto di Recesso \u00e8 esercitato seguendo le modalit\u00e0 ed i termini indicati Cantina Ongaresca proceder\u00e0 al rimborso delle somme da lei pagate, ivi comprese le spese di consegna, entro 14 (quattordici) giorni dalla data in cui Cantina Ongaresca \u00e8 rientrata nella disponibilit\u00e0 dei beni resi, al fine di valutare l\u2019integrit\u00e0 degli stessi.<\/p>\n\n\n\n<p><strong>Garanzia Legale<\/strong><\/p>\n\n\n\n<p>La garanzia legale di conformit\u00e0 \u00e8 prevista dal Codice del Consumo (articoli 128 e ss. ) e tutela il consumatore in caso acquisto di prodotti difettosi o non conformi.<\/p>\n\n\n\n<p>Per prodotto difettoso \u2013 non conforme si intende:<\/p>\n\n\n\n<ul class=\"wp-block-list\">\n<li>prodotto non corrispondente a quello acquistato;<\/li>\n<\/ul>\n\n\n\n<p>Non possono essere considerati vizi o difetti le qualit\u00e0 del prodotto che vengano rilevate dal Consumatore sulla base di criteri soggettivi e\/o comunque sulla base di valutazioni sulle caratteristiche del Prodotto che non siano oggettivamente misurabili.<\/p>\n\n\n\n<p>La garanzia non pu\u00f2 essere invocata sulla base di una Sua valutazione soggettiva sulla bont\u00e0\/qualit\u00e0 del vino o su altri aspetti di valutazione puramente soggettiva.<\/p>\n\n\n\n<p>Lei pu\u00f2 far valere i Suoi diritti in materia di garanzia legale di conformit\u00e0, rivolgendosi direttamente a Cantina Ongaresca qualora il prodotto consegnato presenti un vizio di conformit\u00e0 come sopra individuato.<\/p>\n\n\n\n<p>Lei ha diritto alla sostituzione del bene da parte di Cantina Ongaresca con lo stesso prodotto o prodotto di medesima qualit\u00e0, senza addebito di spese.<\/p>\n\n\n\n<p>Qualora nessun prodotto fosse al momento disponibile Lei ha comunque diritto alla riduzione del prezzo o ad avere indietro una somma, commisurata al valore del bene, a fronte della restituzione al venditore del prodotto difettoso.<\/p>\n\n\n\n<p>La garanzia ha una durata di 24 mesi a partire dalla consegna del bene e il difetto di conformit\u00e0 deve essere comunicato a Cantina Ongaresca entro 2 mesi dalla scoperta. Per esercitare il diritto di garanzia, Lei dovr\u00e0 inviare una comunicazione via PEC o raccomandata A\/R ai seguenti recapiti:<\/p>\n\n\n\n<ul class=\"wp-block-list\">\n<li>PEC: ongaresca@legalmail.it<\/li>\n\n\n\n<li>ONGARESCA SOCIETA\u2019 AGRICOLA, 36030 Costabissara (Vicenza) via Monte Cimone, 10<\/li>\n<\/ul>\n\n\n\n<p>indicando obbligatoriamente il numero dell\u2019ordine cos\u00ec come riportato nell\u2019e-mail di conferma e la data dell\u2019ordine, oltre alla copia dello scontrino emesso e&nbsp;la descrizione accurata del vizio.<\/p>\n\n\n\n<p>Le consigliamo quindi conservare sempre quale prova di acquisto l\u2019e-mail di conferma dell\u2019ordine e copia dello scontrino fiscale.<\/p>\n\n\n\n<p>Cantina Ongaresca dar\u00e0 tempestivo riscontro alla segnalazione del presunto difetto di conformit\u00e0 e Le sar\u00e0 indicata la specifica procedura da seguire per il rientro dei prodotti.<\/p>\n\n\n\n<p>Cantina Ongaresca prender\u00e0 in consegna il prodotto difettoso per verificare se quanto denunciato dipenda o meno da un vizio di conformit\u00e0 come sopra individuato.<\/p>\n\n\n\n<p>Riscontrato il vizio di conformit\u00e0, verr\u00e0 effettuata la sostituzione del bene se disponibile entro un congruo tempo dalla richiesta e senza addebito di spese a Suo carico, oppure restituito il prezzo qualora non fosse disponibile tempestivamente lo stesso o prodotto analogo con le medesime qualit\u00e0.<\/p>\n\n\n\n<p><strong>Privacy<\/strong><\/p>\n\n\n\n<p>Tutte le informazioni relative al trattamento dei Suoi dati personali possono essere ottenute consultando la <a href=\"https:\/\/www.iubenda.com\/privacy-policy\/90103278\/full-legal\">Privacy Policy<\/a> che invitiamo a leggere attentamente.<\/p>\n\n\n\n<p>Legge applicabile e soluzione delle controversie<\/p>\n\n\n\n<p>Le Condizioni Generali di Vendita di Cantina Ongaresca sono regolate dalla legge italiana ed in particolare dal decreto legislativo 6 settembre 2005 n. 206 -codice del consumo \u2013 e dal decreto legislativo 9 aprile 2003 n. 70 su alcuni aspetti concernenti il commercio elettronico.<\/p>\n\n\n\n<p>Lei ha facolt\u00e0 di proporre ogni reclamo usufruendo del sistema della risoluzione online (ODR) delle controversie previsto dal regolamento UE 524\/2013, attraverso la piattaforma realizzata dalla Commissione Europea all\u2019indirizzo web <a href=\"http:\/\/ec.europa.eu\/odr\">http:\/\/ec.europa.eu\/odr<\/a>.<\/p>\n\n\n\n<p>La piattaforma ha lo scopo di risolvere le controversie che si verificano durante una compravendita online dove, i \u201cconsumatori\u201d possono presentare reclamo, il quale verr\u00e0 gestito dagli organismi ADR che faranno da arbitri tra le parti per risolvere il problema. <\/p>\n\n\n\n<p><\/p>\n\n\n\n<ul class=\"wp-block-list\"><\/ul>\n\n\n\n<p><\/p>\n\n\n\n<p><\/p>\n\n\n\n<p><\/p>\n\n\n\n<p><\/p>\n\n\n\n<p><\/p>","protected":false},"excerpt":{"rendered":"<p>Condizioni Generali di Vendita Le vendite ONLINE sul sito https:\/\/ongaresca.bananau.it\/shop\/ di ONGARESCA SOCIETA\u2019 AGRICOLA srl sono regolate dalle presenti condizioni generali di vendita. ONGARESCA SOCIETA\u2019 AGRICOLA<span class=\"excerpt-hellip\"> [\u2026]<\/span><\/p>","protected":false},"author":1,"featured_media":0,"parent":0,"menu_order":0,"comment_status":"closed","ping_status":"closed","template":"","meta":{"footnotes":""},"class_list":["post-3065","page","type-page","status-publish","hentry"],"yoast_head":"<!-- This site is optimized with the Yoast SEO plugin v26.0 - https:\/\/yoast.com\/wordpress\/plugins\/seo\/ -->\n<title>Politica di rimborso e reso - Cantina Ongaresca<\/title>\n<meta name=\"robots\" content=\"index, follow, max-snippet:-1, max-image-preview:large, max-video-preview:-1\" \/>\n<link rel=\"canonical\" href=\"https:\/\/ongaresca.bananau.it\/en\/condizioni-di-vendita\/\" \/>\n<meta property=\"og:locale\" content=\"en_GB\" \/>\n<meta property=\"og:type\" content=\"article\" \/>\n<meta property=\"og:title\" content=\"Politica di rimborso e reso - Cantina Ongaresca\" \/>\n<meta property=\"og:description\" content=\"Condizioni Generali di Vendita Le vendite ONLINE sul sito https:\/\/ongaresca.bananau.it\/shop\/ di ONGARESCA SOCIETA\u2019 AGRICOLA srl sono regolate dalle presenti condizioni generali di vendita. ONGARESCA SOCIETA\u2019 AGRICOLA [\u2026]\" \/>\n<meta property=\"og:url\" content=\"https:\/\/ongaresca.bananau.it\/en\/condizioni-di-vendita\/\" \/>\n<meta property=\"og:site_name\" content=\"Cantina Ongaresca\" \/>\n<meta property=\"article:publisher\" content=\"https:\/\/it-it.facebook.com\/cantinaongaresca\/\" \/>\n<meta property=\"article:modified_time\" content=\"2023-03-02T10:19:01+00:00\" \/>\n<meta name=\"twitter:card\" content=\"summary_large_image\" \/>\n<meta name=\"twitter:label1\" content=\"Est. reading time\" \/>\n\t<meta name=\"twitter:data1\" content=\"9 minutes\" \/>\n<script type=\"application\/ld+json\" class=\"yoast-schema-graph\">{\"@context\":\"https:\/\/schema.org\",\"@graph\":[{\"@type\":\"WebPage\",\"@id\":\"https:\/\/ongaresca.bananau.it\/condizioni-di-vendita\/\",\"url\":\"https:\/\/ongaresca.bananau.it\/condizioni-di-vendita\/\",\"name\":\"Politica di rimborso e reso - Cantina Ongaresca\",\"isPartOf\":{\"@id\":\"https:\/\/ongaresca.bananau.it\/#website\"},\"datePublished\":\"2023-03-02T09:11:43+00:00\",\"dateModified\":\"2023-03-02T10:19:01+00:00\",\"breadcrumb\":{\"@id\":\"https:\/\/ongaresca.bananau.it\/condizioni-di-vendita\/#breadcrumb\"},\"inLanguage\":\"en-GB\",\"potentialAction\":[{\"@type\":\"ReadAction\",\"target\":[\"https:\/\/ongaresca.bananau.it\/condizioni-di-vendita\/\"]}]},{\"@type\":\"BreadcrumbList\",\"@id\":\"https:\/\/ongaresca.bananau.it\/condizioni-di-vendita\/#breadcrumb\",\"itemListElement\":[{\"@type\":\"ListItem\",\"position\":1,\"name\":\"Home\",\"item\":\"https:\/\/ongaresca.bananau.it\/\"},{\"@type\":\"ListItem\",\"position\":2,\"name\":\"Politica di rimborso e reso\"}]},{\"@type\":\"WebSite\",\"@id\":\"https:\/\/ongaresca.bananau.it\/#website\",\"url\":\"https:\/\/ongaresca.bananau.it\/\",\"name\":\"Cantina Ongaresca\",\"description\":\"Diamo espressione al territorio con ogni singola vendemmia\",\"publisher\":{\"@id\":\"https:\/\/ongaresca.bananau.it\/#organization\"},\"potentialAction\":[{\"@type\":\"SearchAction\",\"target\":{\"@type\":\"EntryPoint\",\"urlTemplate\":\"https:\/\/ongaresca.bananau.it\/?s={search_term_string}\"},\"query-input\":{\"@type\":\"PropertyValueSpecification\",\"valueRequired\":true,\"valueName\":\"search_term_string\"}}],\"inLanguage\":\"en-GB\"},{\"@type\":\"Organization\",\"@id\":\"https:\/\/ongaresca.bananau.it\/#organization\",\"name\":\"Cantina Ongaresca\",\"url\":\"https:\/\/ongaresca.bananau.it\/\",\"logo\":{\"@type\":\"ImageObject\",\"inLanguage\":\"en-GB\",\"@id\":\"https:\/\/ongaresca.bananau.it\/#\/schema\/logo\/image\/\",\"url\":\"https:\/\/ongaresca.bananau.it\/wp-content\/uploads\/2019\/12\/cropped-Logo-PNG-e1679927101713.png\",\"contentUrl\":\"https:\/\/ongaresca.bananau.it\/wp-content\/uploads\/2019\/12\/cropped-Logo-PNG-e1679927101713.png\",\"width\":200,\"height\":107,\"caption\":\"Cantina Ongaresca\"},\"image\":{\"@id\":\"https:\/\/ongaresca.bananau.it\/#\/schema\/logo\/image\/\"},\"sameAs\":[\"https:\/\/it-it.facebook.com\/cantinaongaresca\/\",\"https:\/\/www.instagram.com\/cantina.ongaresca\/?hl=it\"]}]}<\/script>\n<!-- \/ Yoast SEO plugin. -->","yoast_head_json":{"title":"Politica di rimborso e reso - Cantina Ongaresca","robots":{"index":"index","follow":"follow","max-snippet":"max-snippet:-1","max-image-preview":"max-image-preview:large","max-video-preview":"max-video-preview:-1"},"canonical":"https:\/\/ongaresca.bananau.it\/en\/condizioni-di-vendita\/","og_locale":"en_GB","og_type":"article","og_title":"Politica di rimborso e reso - Cantina Ongaresca","og_description":"Condizioni Generali di Vendita Le vendite ONLINE sul sito https:\/\/ongaresca.bananau.it\/shop\/ di ONGARESCA SOCIETA\u2019 AGRICOLA srl sono regolate dalle presenti condizioni generali di vendita. ONGARESCA SOCIETA\u2019 AGRICOLA [\u2026]","og_url":"https:\/\/ongaresca.bananau.it\/en\/condizioni-di-vendita\/","og_site_name":"Cantina Ongaresca","article_publisher":"https:\/\/it-it.facebook.com\/cantinaongaresca\/","article_modified_time":"2023-03-02T10:19:01+00:00","twitter_card":"summary_large_image","twitter_misc":{"Est. reading time":"9 minutes"},"schema":{"@context":"https:\/\/schema.org","@graph":[{"@type":"WebPage","@id":"https:\/\/ongaresca.bananau.it\/condizioni-di-vendita\/","url":"https:\/\/ongaresca.bananau.it\/condizioni-di-vendita\/","name":"Politica di rimborso e reso - Cantina Ongaresca","isPartOf":{"@id":"https:\/\/ongaresca.bananau.it\/#website"},"datePublished":"2023-03-02T09:11:43+00:00","dateModified":"2023-03-02T10:19:01+00:00","breadcrumb":{"@id":"https:\/\/ongaresca.bananau.it\/condizioni-di-vendita\/#breadcrumb"},"inLanguage":"en-GB","potentialAction":[{"@type":"ReadAction","target":["https:\/\/ongaresca.bananau.it\/condizioni-di-vendita\/"]}]},{"@type":"BreadcrumbList","@id":"https:\/\/ongaresca.bananau.it\/condizioni-di-vendita\/#breadcrumb","itemListElement":[{"@type":"ListItem","position":1,"name":"Home","item":"https:\/\/ongaresca.bananau.it\/"},{"@type":"ListItem","position":2,"name":"Politica di rimborso e reso"}]},{"@type":"WebSite","@id":"https:\/\/ongaresca.bananau.it\/#website","url":"https:\/\/ongaresca.bananau.it\/","name":"Cantina Ongaresca","description":"Diamo espressione al territorio con ogni singola vendemmia","publisher":{"@id":"https:\/\/ongaresca.bananau.it\/#organization"},"potentialAction":[{"@type":"SearchAction","target":{"@type":"EntryPoint","urlTemplate":"https:\/\/ongaresca.bananau.it\/?s={search_term_string}"},"query-input":{"@type":"PropertyValueSpecification","valueRequired":true,"valueName":"search_term_string"}}],"inLanguage":"en-GB"},{"@type":"Organization","@id":"https:\/\/ongaresca.bananau.it\/#organization","name":"Cantina Ongaresca","url":"https:\/\/ongaresca.bananau.it\/","logo":{"@type":"ImageObject","inLanguage":"en-GB","@id":"https:\/\/ongaresca.bananau.it\/#\/schema\/logo\/image\/","url":"https:\/\/ongaresca.bananau.it\/wp-content\/uploads\/2019\/12\/cropped-Logo-PNG-e1679927101713.png","contentUrl":"https:\/\/ongaresca.bananau.it\/wp-content\/uploads\/2019\/12\/cropped-Logo-PNG-e1679927101713.png","width":200,"height":107,"caption":"Cantina Ongaresca"},"image":{"@id":"https:\/\/ongaresca.bananau.it\/#\/schema\/logo\/image\/"},"sameAs":["https:\/\/it-it.facebook.com\/cantinaongaresca\/","https:\/\/www.instagram.com\/cantina.ongaresca\/?hl=it"]}]}},"_links":{"self":[{"href":"https:\/\/ongaresca.bananau.it\/en\/wp-json\/wp\/v2\/pages\/3065","targetHints":{"allow":["GET"]}}],"collection":[{"href":"https:\/\/ongaresca.bananau.it\/en\/wp-json\/wp\/v2\/pages"}],"about":[{"href":"https:\/\/ongaresca.bananau.it\/en\/wp-json\/wp\/v2\/types\/page"}],"author":[{"embeddable":true,"href":"https:\/\/ongaresca.bananau.it\/en\/wp-json\/wp\/v2\/users\/1"}],"replies":[{"embeddable":true,"href":"https:\/\/ongaresca.bananau.it\/en\/wp-json\/wp\/v2\/comments?post=3065"}],"version-history":[{"count":5,"href":"https:\/\/ongaresca.bananau.it\/en\/wp-json\/wp\/v2\/pages\/3065\/revisions"}],"predecessor-version":[{"id":3139,"href":"https:\/\/ongaresca.bananau.it\/en\/wp-json\/wp\/v2\/pages\/3065\/revisions\/3139"}],"wp:attachment":[{"href":"https:\/\/ongaresca.bananau.it\/en\/wp-json\/wp\/v2\/media?parent=3065"}],"curies":[{"name":"wp","href":"https:\/\/api.w.org\/{rel}","templated":true}]}}